{"id":29236,"date":"2023-04-20T09:18:20","date_gmt":"2023-04-20T06:18:20","guid":{"rendered":"https:\/\/www.siaf.ro\/?page_id=29236"},"modified":"2023-11-21T16:21:26","modified_gmt":"2023-11-21T13:21:26","slug":"salon-hipic","status":"publish","type":"page","link":"https:\/\/www.siaf.ro\/en\/salon-hipic\/","title":{"rendered":"HIPIC Salon"},"content":{"rendered":"<h1 style=\"text-align: center;\">Salonul de Art\u0103 Fotografic\u0103 HIPIC 2023<\/h1>\n<p><img loading=\"lazy\" decoding=\"async\" class=\"aligncenter wp-image-29238 size-full\" src=\"https:\/\/www.siaf.ro\/wp-content\/uploads\/2023\/04\/hipic2023-h.jpg\" alt=\"\" width=\"800\" height=\"533\" srcset=\"https:\/\/www.siaf.ro\/wp-content\/uploads\/2023\/04\/hipic2023-h.jpg 800w, https:\/\/www.siaf.ro\/wp-content\/uploads\/2023\/04\/hipic2023-h-300x200.jpg 300w, https:\/\/www.siaf.ro\/wp-content\/uploads\/2023\/04\/hipic2023-h-180x120.jpg 180w\" sizes=\"auto, (max-width: 800px) 100vw, 800px\" \/><\/p>\n<h3><a name=\"rules\"><\/a>Regulament<\/h3>\n<p>Salonul de Art\u0103 Fotografic\u0103 HIPIC\u00a0este deschis fotografilor amatori sau profesioni\u0219ti din \u00eentreaga \u021bar\u0103 \u0219i se desf\u0103\u0219oar\u0103 sub patronajul AAFR nr 012\/2023.<br \/>\nSalonul de Art\u0103 Fotografic\u0103 HIPIC este organizat de c\u0103tre Asocia\u021bia Arti\u0219tilor Fotografi din Rom\u00e2nia (AAFR) \u0219i de Jockey Club Rom\u00e2nia. Scopul salonului este de a contribuii prin fotografie la popularizarea sporturilor ecvestre.<\/p>\n<h5>1. TEM\u0102<\/h5>\n<p>Salonul are o unic\u0103 tem\u0103: calul. Fiecare participant poate \u00eenscrie cel mult 4 fotografii color \u00een care subiectul principal este calul sub toate aspectele sale: portret, \u00een alergare, \u00een repaus sau eseu. Fotografiile pot fi realizate la competi\u021biile hipice, \u00een herghelii din \u021bar\u0103 sau \u00een oricare alt loc \u00een care calul se reg\u0103se\u0219te \u00een mediul s\u0103u obi\u0219nuit. Fotografiile trebuie s\u0103 sugereze, prin elemente de compozi\u021bie sau valen\u021be tehnice, elegan\u021b\u0103, for\u021b\u0103, noble\u021be, inteligen\u021b\u0103 sau orice alt atribut definitoriu temei salonului.<\/p>\n<h5>2. PREMII<\/h5>\n<ul>Se acord\u0103 urm\u0103toarele premii:<\/p>\n<li style=\"list-style-type: none;\">\n<ul>\n<li>Marele Premiu Jockey Club Rom\u00e2nia<\/li>\n<li>Medalia AAFR de aur, argint \u0219i bronz precum \u0219i 6 men\u021biuni AAFR.<\/li>\n<\/ul>\n<\/li>\n<li>Fotografiile premiate, al\u0103turi de cele selectate de membrii juriului, vor fi printate gratuit de c\u0103tre AAFR la formatul 30 x 42 cm \u0219i prezentate \u00eentr-o expozi\u021bie ce va avea loc \u00een perioada noiembrie-decembrie 2023 la sediul din Bucure\u0219ti al Jockey Club Rom\u00e2nia<\/li>\n<\/ul>\n<h5>3. CERIN\u021aE<\/h5>\n<ul>\n<li>\u00censcrierea fotografiilor, \u00eenso\u021bite de formularul de \u00eenscriere, se poate face doar prin internet pe site-ul <a href=\"https:\/\/www.siaf.ro\/formular-de-inscriere-hipic\/\">www.siaf.ro\/formular-inscriere-hipic<\/a>. Nu se accept\u0103 imagini trimise pe CD sau DVD.<\/li>\n<li>Fiecare participant poate \u00eenscrie maximum 4 lucr\u0103ri. El trebuie s\u0103 fie autorul fotografiei \u00eenscrise \u00een salon \u00een ansamblul ei \u0219i s\u0103 de\u021bin\u0103 dreptul de proprietate asupra lucr\u0103rii originale.<\/li>\n<li>O fotografie poate fi respins\u0103 atunci c\u00e2nd juriul consider\u0103 c\u0103 lucrarea respectiv\u0103 nu \u00eendepline\u0219te condi\u021biile prev\u0103zute \u00een regulamentul salonului.<br \/>\nJurizarea se face conform criteriilor utilizate \u00een competi\u021biile interna\u021bionale de art\u0103 fotografic\u0103. Membrii juriului vor juriza f\u0103r\u0103 s\u0103 aib\u0103 nici o informa\u021bie privind numele autorului.<\/li>\n<li>Prin \u00eenscrierea fotografiilor, participan\u021bii accept\u0103 condi\u021biile prev\u0103zute \u00een prezentul regulament.<\/li>\n<\/ul>\n<h5>4. \u00ceNSCRIEREA IMAGINILOR<\/h5>\n<ul>\n<li>Fotografia trebuie s\u0103 aib\u0103 o dimensiune minim\u0103 de 3000 pixeli pe latura orizontal\u0103 \u0219i 2000 pixeli pe latura vertical\u0103 ( incluz\u00e2nd eventuale chenare sau rame) la o rezolu\u021bie de 300 dpi, f\u0103r\u0103 s\u0103 dep\u0103\u0219easc\u0103 4 MB.<\/li>\n<li>O imagine \u00een format portret nu trebuie s\u0103 dep\u0103\u0219easc\u0103 2000 pixeli pe latura \u00eenalt\u0103. Imaginile trebuie salvate \u00een format JPEG \u0219i profil sRGB.<\/li>\n<li>Odat\u0103 cu \u00eenscrierea unei fotografii, fiecare participant certific\u0103 originalitatea lucr\u0103rii sale \u0219i faptul c\u0103 el este unicul autor. De asemenea, fiecare participant permite organizatorilor s\u0103 foloseasc\u0103 gratuit fotografia sa pentru a fi publicat\u0103 \u00een materialele de promovare a evenimentului.<\/li>\n<\/ul>\n<h5>5. DENUMIREA FOTOGRAFIILOR<\/h5>\n<ul>\n<li>Codul de identificare a imaginilor va avea cel mult 30 de caractere. Doar cifre \u0219i litere sunt acceptate. Nu se folosesc majuscule. Exemplu: Salt. Titlul nu trebuie s\u0103 con\u021bin\u0103 extensii de genul jpeg sau IMG123 sau cuvinte precum \u201eF\u0103r\u0103 titlu\u201d.<\/li>\n<\/ul>\n<h5><a name=\"taxa\"><\/a>6. TAXA DE PARTICIPARE<\/h5>\n<p><strong>Taxa de participare este obligatorie pentru to\u021bi participan\u021bii astfel:<\/strong><\/p>\n<ul>\n<li>Taxa de participare este obligatorie pentru to\u021bi participan\u021bii \u0219i este de 30 lei. Ea poate fi pl\u0103tit\u0103 prin Pay Pal la adresa <strong>PayPal<\/strong> <strong>info@siaf.ro<\/strong> (6 Euro) sau \u00een contul bancar AAFR RO19BACX0000000162112001.<\/li>\n<\/ul>\n<h5>7. JURIUL<\/h5>\n<p>Lucr\u0103rile primite vor fi jurizate de un juriu alc\u0103tuit din:<\/p>\n<ul>\n<li>Dl dr. Adrian-Silvan Ionescu \u2013 Director Institutul de Istoria Artei \u201eG. Oprescu\u201d<\/li>\n<li>Dl Ilie Georgescu Cernat \u2013 Reprezentant Jockey Club Rom\u00e2nia<\/li>\n<li>Dl Eugen Negrea &#8211; Pre\u0219edinte Asocia\u021bia Arti\u0219tilor Fotografi din Rom\u00e2nia<\/li>\n<\/ul>\n<h5><a name=\"calendar\"><\/a>8. CALENDARUL SALONULUI<\/h5>\n<table style=\"width: 60%; border: 1px; border-color: black !important;\">\n<tbody>\n<tr>\n<td>Perioada de \u00eenscriere a fotografiilor<\/td>\n<td>01.07.2023-22.10.2023<\/td>\n<\/tr>\n<tr>\n<td>Jurizare<\/td>\n<td>01-05.11.2023<\/td>\n<\/tr>\n<tr>\n<td>Anun\u021barea rezultatelor<\/td>\n<td>15.11.2023<\/td>\n<\/tr>\n<tr>\n<td>Vernisaj<\/td>\n<td>10.01.2024<\/td>\n<\/tr>\n<\/tbody>\n<\/table>\n<h5>9. COMUNICAREA REZULTATELOR<\/h5>\n<ul>\n<li>Rezultatele Salonului vor fi f\u0103cute public prin intermediul site-ului <a href=\"https:\/\/www.siaf.ro\/rezultate-hipic\/\">www.siaf.ro\/rezultate-hipic<\/a>.<\/li>\n<\/ul>\n<h5>10. PERSOANA DE LEG\u0102TUR\u0102<\/h5>\n<ul>\n<li>Pentru eventuale informa\u021bii suplimentare, directorul salonului <span style=\"color: #0000ff;\"><strong>Eugen Negrea<\/strong><\/span> v\u0103 st\u0103 la dispozi\u021bie la adresa <span style=\"color: #0000ff;\"><strong>info@siaf.ro<\/strong><\/span><\/li>\n<\/ul>\n<h5>11. UTILIZAREA DRONELOR<\/h5>\n<p>Utilizarea dronelor impune participan\u021bilor s\u0103 respecte toate legile existente \u00een \u021bara \u00een care ace\u0219tia le utilizeaz\u0103. Exist\u0103, de asemenea, o component\u0103 etic\u0103 a politicii \u0219i aceasta prevede ca: unul dintre aspectele fotografiei este c\u0103 siguran\u021ba \u0219i bun\u0103starea subiectului, fotografului \u0219i a \u00eemprejurimilor sunt de o importan\u021b\u0103 crucial\u0103 pentru captarea fotografic\u0103. Scopul acestei sec\u021biuni este de a preveni orice interferen\u021b\u0103 cu alte persoane sau animale care vor sau pot cauza o perturbare \u00een activitatea lor normal\u0103, sau pot perturba modul \u00een care un individ sau un animal interac\u021bioneaz\u0103 cu mediul s\u0103u.<\/p>\n<ul>\n<li>O dron\u0103 nu poate zbura deasupra oamenilor \u00een scopul fotografierii activit\u0103\u021bii lor, cu excep\u021bia cazului \u00een care se acord\u0103 permisiunea \u00een scris.<\/li>\n<li>O dron\u0103 nu poate zbura sau fotografia animalele \u00een habitatul lor natural, \u00een special \u00een zonele de cuib\u0103rit \u0219i \u00een loca\u021biile \u00een care animalul este deja sub stres (supravie\u021buirea \u00een iarn\u0103, migra\u021bie, hr\u0103nire, protejarea puilor). Fotografierea scenelor \/ peisajelor este permis\u0103.<\/li>\n<li>O dron\u0103 nu poate zbura sau fotografia \u00een nicio zon\u0103 s\u0103lbatic\u0103 desemnat\u0103.<\/li>\n<\/ul>\n<h5>12. PROTEC\u021aIA DATELOR<\/h5>\n<p>Participarea la aceast Salon presupune acordul explicit ca datele personale pe care le transmite\u021bi, inclusiv adresa de e-mail, s\u0103 fie re\u021binute, procesate \u0219i folosite de c\u0103tre organizatorii Salonului \u00een scopuri legate de acesta. De asemenea, v\u0103 da\u021bi acordul explicit ca aceste date s\u0103 fie trimise organiza\u021biilor care au acordat recunoa\u0219tere oficial\u0103, patronaj sau acreditare acestui salon.<br \/>\nCunoa\u0219te\u021bi \u0219i accepta\u021bi c\u0103 participarea la acest Salon presupune ca \u00eenscrierea \u0219i rezultatele ob\u021binute s\u0103 fie f\u0103cute publice. Adresa de e-mail \u0219i datele dumneavoastr\u0103 de contact nu vor fi f\u0103cute publice.<\/p>\n<div style=\"padding-bottom:20px; padding-top:10px;\" class=\"hupso-share-buttons\"><!-- Hupso Share Buttons - https:\/\/www.hupso.com\/share\/ --><a class=\"hupso_toolbar\" href=\"https:\/\/www.hupso.com\/share\/\"><img decoding=\"async\" src=\"https:\/\/static.hupso.com\/share\/buttons\/dot.png\" style=\"border:0px; padding-top: 5px; float:left;\" alt=\"Share Button\"\/><\/a><script type=\"text\/javascript\">var hupso_services_t=new Array(\"Twitter\",\"Facebook\",\"Google Plus\",\"Linkedin\",\"StumbleUpon\",\"Reddit\");var hupso_background_t=\"#EAF4FF\";var hupso_border_t=\"#66CCFF\";var hupso_toolbar_size_t=\"big\";var hupso_image_folder_url = \"\";var hupso_url_t=\"\";var hupso_title_t=\"%7B%3Aro%7DSalon%20HIPIC%7B%3A%7D%7B%3Aen%7DHIPIC%20Salon%7B%3A%7D\";<\/script><script type=\"text\/javascript\" src=\"https:\/\/static.hupso.com\/share\/js\/share_toolbar.js\"><\/script><!-- Hupso Share Buttons --><\/div>","protected":false},"excerpt":{"rendered":"<p>Salonul de Art\u0103 Fotografic\u0103 HIPIC 2023 Regulament Salonul de Art\u0103 Fotografic\u0103 HIPIC\u00a0este deschis fotografilor amatori sau profesioni\u0219ti din \u00eentreaga \u021bar\u0103<\/p>\n","protected":false},"author":2,"featured_media":0,"parent":0,"menu_order":0,"comment_status":"closed","ping_status":"closed","template":"","meta":{"footnotes":""},"class_list":["post-29236","page","type-page","status-publish","hentry"],"translation":{"provider":"WPGlobus","version":"3.0.0","language":"en","enabled_languages":["ro","en"],"languages":{"ro":{"title":true,"content":true,"excerpt":false},"en":{"title":true,"content":false,"excerpt":false}}},"jetpack_sharing_enabled":true,"jetpack_shortlink":"https:\/\/wp.me\/P6GVAV-7By","_links":{"self":[{"href":"https:\/\/www.siaf.ro\/en\/wp-json\/wp\/v2\/pages\/29236","targetHints":{"allow":["GET"]}}],"collection":[{"href":"https:\/\/www.siaf.ro\/en\/wp-json\/wp\/v2\/pages"}],"about":[{"href":"https:\/\/www.siaf.ro\/en\/wp-json\/wp\/v2\/types\/page"}],"author":[{"embeddable":true,"href":"https:\/\/www.siaf.ro\/en\/wp-json\/wp\/v2\/users\/2"}],"replies":[{"embeddable":true,"href":"https:\/\/www.siaf.ro\/en\/wp-json\/wp\/v2\/comments?post=29236"}],"version-history":[{"count":10,"href":"https:\/\/www.siaf.ro\/en\/wp-json\/wp\/v2\/pages\/29236\/revisions"}],"predecessor-version":[{"id":29827,"href":"https:\/\/www.siaf.ro\/en\/wp-json\/wp\/v2\/pages\/29236\/revisions\/29827"}],"wp:attachment":[{"href":"https:\/\/www.siaf.ro\/en\/wp-json\/wp\/v2\/media?parent=29236"}],"curies":[{"name":"wp","href":"https:\/\/api.w.org\/{rel}","templated":true}]}}